{"id":5562,"date":"2017-11-24T19:38:51","date_gmt":"2017-11-24T18:38:51","guid":{"rendered":"http:\/\/czechrepublic.afssite.afs.org\/en\/?page_id=5562"},"modified":"2018-02-12T12:08:22","modified_gmt":"2018-02-12T11:08:22","slug":"education-for-life","status":"publish","type":"page","link":"https:\/\/www.afs.cz\/en\/education-for-life\/","title":{"rendered":"Education for Life 3"},"content":{"rendered":"<p style=\"text-align: center;margin-bottom: -2em;margin-top: -50px;color: #919191\"><strong>this year&#8217;s topic:<\/strong><\/p>\n<h1 style=\"text-align: center\">Xenophobia and Diversity &#8211; Face to Face<\/h1>\n<h3>Objective<\/h3>\n<p>The third year of the Symposium <em>Education for Life<\/em> takes place in the magical city of Prague with a focus on xenophobic tendencies and diversity either ethnic or religious. Do we perceive diversity as a danger, challenge or an opportunity in the time of migration wave to Europe? Is migration something new or a part of a human nature? Symposium will bring together experts, academics, educators, volunteers and others interested in this topic, from the Czech Republic and abroad. We invite you to come and contribute with your experience and to create new international networks and cooperation.<\/p>\n<h3>Target audience<\/h3>\n<p>Representatives of educational institutions, teachers, educators, NGOs representatives, volunteers, host families, AFS staff and others engaged in the topic.<\/p>\n","protected":false},"excerpt":{"rendered":"<p>this year&#8217;s topic: Xenophobia and Diversity &#8211; Face to Face Objective The third year of the Symposium Education for Life&hellip;<\/p>\n","protected":false},"author":362,"featured_media":0,"parent":0,"menu_order":0,"comment_status":"closed","ping_status":"closed","template":"","meta":{"footnotes":""},"class_list":["post-5562","page","type-page","status-publish","hentry"],"yoast_head":"<!-- This site is optimized with the Yoast SEO Premium plugin v26.6 (Yoast SEO v26.6) - https:\/\/yoast.com\/wordpress\/plugins\/seo\/ -->\n<title>Education for Life 3 - Mezikulturn\u00ed programy<\/title>\n<meta name=\"robots\" content=\"index, follow, max-snippet:-1, max-image-preview:large, max-video-preview:-1\" \/>\n<link rel=\"canonical\" href=\"https:\/\/www.afs.cz\/en\/education-for-life\/\" \/>\n<meta property=\"og:locale\" content=\"en_US\" \/>\n<meta property=\"og:type\" content=\"article\" \/>\n<meta property=\"og:title\" content=\"Education for Life 3\" \/>\n<meta property=\"og:description\" content=\"this year&#8217;s topic: Xenophobia and Diversity &#8211; Face to Face Objective The third year of the Symposium Education for Life&hellip;\" \/>\n<meta property=\"og:url\" content=\"https:\/\/www.afs.cz\/en\/education-for-life\/\" \/>\n<meta property=\"og:site_name\" content=\"Mezikulturn\u00ed programy\" \/>\n<meta property=\"article:modified_time\" content=\"2018-02-12T11:08:22+00:00\" \/>\n<meta name=\"twitter:card\" content=\"summary_large_image\" \/>\n<meta name=\"twitter:label1\" content=\"Est. reading time\" \/>\n\t<meta name=\"twitter:data1\" content=\"1 minute\" \/>\n<script type=\"application\/ld+json\" class=\"yoast-schema-graph\">{\"@context\":\"https:\/\/schema.org\",\"@graph\":[{\"@type\":\"WebPage\",\"@id\":\"https:\/\/www.afs.cz\/en\/education-for-life\/\",\"url\":\"https:\/\/www.afs.cz\/en\/education-for-life\/\",\"name\":\"Education for Life 3 - Mezikulturn\u00ed programy\",\"isPartOf\":{\"@id\":\"https:\/\/www.afs.cz\/en\/#website\"},\"datePublished\":\"2017-11-24T18:38:51+00:00\",\"dateModified\":\"2018-02-12T11:08:22+00:00\",\"breadcrumb\":{\"@id\":\"https:\/\/www.afs.cz\/en\/education-for-life\/#breadcrumb\"},\"inLanguage\":\"en-US\",\"potentialAction\":[{\"@type\":\"ReadAction\",\"target\":[\"https:\/\/www.afs.cz\/en\/education-for-life\/\"]}]},{\"@type\":\"BreadcrumbList\",\"@id\":\"https:\/\/www.afs.cz\/en\/education-for-life\/#breadcrumb\",\"itemListElement\":[{\"@type\":\"ListItem\",\"position\":1,\"name\":\"Home\",\"item\":\"https:\/\/czechrepublic.afssite.afs.org\/en\/\"},{\"@type\":\"ListItem\",\"position\":2,\"name\":\"Education for Life 3\"}]},{\"@type\":\"WebSite\",\"@id\":\"https:\/\/www.afs.cz\/en\/#website\",\"url\":\"https:\/\/www.afs.cz\/en\/\",\"name\":\"Mezikulturn\u00ed programy\",\"description\":\"Studium v zahrani\u010d\u00ed, hostitelsk\u00fd program, vzd\u011bl\u00e1vac\u00ed programy, dobrovolnictv\u00ed a mnoho dal\u0161\u00edho.\",\"potentialAction\":[{\"@type\":\"SearchAction\",\"target\":{\"@type\":\"EntryPoint\",\"urlTemplate\":\"https:\/\/www.afs.cz\/en\/?s={search_term_string}\"},\"query-input\":{\"@type\":\"PropertyValueSpecification\",\"valueRequired\":true,\"valueName\":\"search_term_string\"}}],\"inLanguage\":\"en-US\"}]}<\/script>\n<!-- \/ Yoast SEO Premium plugin. -->","yoast_head_json":{"title":"Education for Life 3 - Mezikulturn\u00ed programy","robots":{"index":"index","follow":"follow","max-snippet":"max-snippet:-1","max-image-preview":"max-image-preview:large","max-video-preview":"max-video-preview:-1"},"canonical":"https:\/\/www.afs.cz\/en\/education-for-life\/","og_locale":"en_US","og_type":"article","og_title":"Education for Life 3","og_description":"this year&#8217;s topic: Xenophobia and Diversity &#8211; Face to Face Objective The third year of the Symposium Education for Life&hellip;","og_url":"https:\/\/www.afs.cz\/en\/education-for-life\/","og_site_name":"Mezikulturn\u00ed programy","article_modified_time":"2018-02-12T11:08:22+00:00","twitter_card":"summary_large_image","twitter_misc":{"Est. reading time":"1 minute"},"schema":{"@context":"https:\/\/schema.org","@graph":[{"@type":"WebPage","@id":"https:\/\/www.afs.cz\/en\/education-for-life\/","url":"https:\/\/www.afs.cz\/en\/education-for-life\/","name":"Education for Life 3 - Mezikulturn\u00ed programy","isPartOf":{"@id":"https:\/\/www.afs.cz\/en\/#website"},"datePublished":"2017-11-24T18:38:51+00:00","dateModified":"2018-02-12T11:08:22+00:00","breadcrumb":{"@id":"https:\/\/www.afs.cz\/en\/education-for-life\/#breadcrumb"},"inLanguage":"en-US","potentialAction":[{"@type":"ReadAction","target":["https:\/\/www.afs.cz\/en\/education-for-life\/"]}]},{"@type":"BreadcrumbList","@id":"https:\/\/www.afs.cz\/en\/education-for-life\/#breadcrumb","itemListElement":[{"@type":"ListItem","position":1,"name":"Home","item":"https:\/\/czechrepublic.afssite.afs.org\/en\/"},{"@type":"ListItem","position":2,"name":"Education for Life 3"}]},{"@type":"WebSite","@id":"https:\/\/www.afs.cz\/en\/#website","url":"https:\/\/www.afs.cz\/en\/","name":"Mezikulturn\u00ed programy","description":"Studium v zahrani\u010d\u00ed, hostitelsk\u00fd program, vzd\u011bl\u00e1vac\u00ed programy, dobrovolnictv\u00ed a mnoho dal\u0161\u00edho.","potentialAction":[{"@type":"SearchAction","target":{"@type":"EntryPoint","urlTemplate":"https:\/\/www.afs.cz\/en\/?s={search_term_string}"},"query-input":{"@type":"PropertyValueSpecification","valueRequired":true,"valueName":"search_term_string"}}],"inLanguage":"en-US"}]}},"_links":{"self":[{"href":"https:\/\/www.afs.cz\/en\/wp-json\/wp\/v2\/pages\/5562","targetHints":{"allow":["GET"]}}],"collection":[{"href":"https:\/\/www.afs.cz\/en\/wp-json\/wp\/v2\/pages"}],"about":[{"href":"https:\/\/www.afs.cz\/en\/wp-json\/wp\/v2\/types\/page"}],"author":[{"embeddable":true,"href":"https:\/\/www.afs.cz\/en\/wp-json\/wp\/v2\/users\/362"}],"replies":[{"embeddable":true,"href":"https:\/\/www.afs.cz\/en\/wp-json\/wp\/v2\/comments?post=5562"}],"version-history":[{"count":77,"href":"https:\/\/www.afs.cz\/en\/wp-json\/wp\/v2\/pages\/5562\/revisions"}],"predecessor-version":[{"id":6166,"href":"https:\/\/www.afs.cz\/en\/wp-json\/wp\/v2\/pages\/5562\/revisions\/6166"}],"wp:attachment":[{"href":"https:\/\/www.afs.cz\/en\/wp-json\/wp\/v2\/media?parent=5562"}],"curies":[{"name":"wp","href":"https:\/\/api.w.org\/{rel}","templated":true}]}}