{"id":26795,"date":"2025-08-19T11:33:08","date_gmt":"2025-08-19T10:33:08","guid":{"rendered":"https:\/\/czechrepublic.afssite.afs.org\/?page_id=26795"},"modified":"2025-09-02T13:57:22","modified_gmt":"2025-09-02T12:57:22","slug":"megavikend-2025","status":"publish","type":"page","link":"https:\/\/www.afs.cz\/en\/megavikend\/megavikend-2025\/","title":{"rendered":"Megavikend 2025"},"content":{"rendered":"<h3 style=\"text-align: center;\">Megav\u00edkend 2025 in a nutshell:<\/h3>\n<p style=\"text-align: center;\">The Megavikend is an international educational event that is the largest AFS educational event. During the weekend of\u00a0<strong>17 &#8211; 19 October 2025<\/strong>, you will experience a packed program of great workshops and have the opportunity to meet volunteers from all over the Czech Republic and abroad.<\/p>\n<p style=\"text-align: center;\">The whole program is planned so that everyone can choose from topics on intercultural education, communication, or self-care. The workshops are designed in three-hour blocks, morning and afternoon. At least two workshops in English are guaranteed in each block, taking into account the foreign participants. In addition to the workshops, there is also an additional program.<\/p>\n<h3 style=\"text-align: center;\"><\/h3>\n<p style=\"text-align: center;\">Starts: Friday, October 17th 2025, registration from 4 to 6 pm CET<br \/>\nEnds: Sunday, October 19th 2025, expected end at 2pm CET<br \/>\nVenue: Gymn\u00e1zium Nad Alej\u00ed, Prague, Czech Republic<\/p>\n","protected":false},"excerpt":{"rendered":"<p>Megav\u00edkend 2025 in a nutshell: The Megavikend is an international educational event that is the largest AFS educational event. During&hellip;<\/p>\n","protected":false},"author":2338,"featured_media":15311,"parent":22741,"menu_order":0,"comment_status":"closed","ping_status":"closed","template":"","meta":{"footnotes":""},"class_list":["post-26795","page","type-page","status-publish","has-post-thumbnail","hentry"],"yoast_head":"<!-- This site is optimized with the Yoast SEO Premium plugin v26.6 (Yoast SEO v26.6) - https:\/\/yoast.com\/wordpress\/plugins\/seo\/ -->\n<title>Megavikend 2025 - Mezikulturn\u00ed programy<\/title>\n<meta name=\"description\" content=\"Megavikend is a weekend-long international educational event, which belongs to one of the most important in the whole AFS year.\" \/>\n<meta name=\"robots\" content=\"index, follow, max-snippet:-1, max-image-preview:large, max-video-preview:-1\" \/>\n<link rel=\"canonical\" href=\"https:\/\/www.afs.cz\/en\/megavikend\/megavikend-2025\/\" \/>\n<meta property=\"og:locale\" content=\"en_US\" \/>\n<meta property=\"og:type\" content=\"article\" \/>\n<meta property=\"og:title\" content=\"Megavikend 2025\" \/>\n<meta property=\"og:description\" content=\"Megavikend is a weekend-long international educational event, which belongs to one of the most important in the whole AFS year.\" \/>\n<meta property=\"og:url\" content=\"https:\/\/www.afs.cz\/en\/megavikend\/megavikend-2025\/\" \/>\n<meta property=\"og:site_name\" content=\"Mezikulturn\u00ed programy\" \/>\n<meta property=\"article:modified_time\" content=\"2025-09-02T12:57:22+00:00\" \/>\n<meta name=\"twitter:card\" content=\"summary_large_image\" \/>\n<meta name=\"twitter:image\" content=\"https:\/\/d22dvihj4pfop3.cloudfront.net\/wp-content\/uploads\/sites\/84\/2022\/06\/28090716\/51627321627_fa425192db_o.jpg\" \/>\n<meta name=\"twitter:label1\" content=\"Est. reading time\" \/>\n\t<meta name=\"twitter:data1\" content=\"15 minutes\" \/>\n<script type=\"application\/ld+json\" class=\"yoast-schema-graph\">{\"@context\":\"https:\/\/schema.org\",\"@graph\":[{\"@type\":\"WebPage\",\"@id\":\"https:\/\/www.afs.cz\/en\/megavikend\/megavikend-2025\/\",\"url\":\"https:\/\/www.afs.cz\/en\/megavikend\/megavikend-2025\/\",\"name\":\"Megavikend 2025 - Mezikulturn\u00ed programy\",\"isPartOf\":{\"@id\":\"https:\/\/www.afs.cz\/en\/#website\"},\"primaryImageOfPage\":{\"@id\":\"https:\/\/www.afs.cz\/en\/megavikend\/megavikend-2025\/#primaryimage\"},\"image\":{\"@id\":\"https:\/\/www.afs.cz\/en\/megavikend\/megavikend-2025\/#primaryimage\"},\"thumbnailUrl\":\"https:\/\/d22dvihj4pfop3.cloudfront.net\/wp-content\/uploads\/sites\/84\/2022\/06\/28090716\/51627321627_fa425192db_o.jpg\",\"datePublished\":\"2025-08-19T10:33:08+00:00\",\"dateModified\":\"2025-09-02T12:57:22+00:00\",\"description\":\"Megavikend is a weekend-long international educational event, which belongs to one of the most important in the whole AFS year.\",\"breadcrumb\":{\"@id\":\"https:\/\/www.afs.cz\/en\/megavikend\/megavikend-2025\/#breadcrumb\"},\"inLanguage\":\"en-US\",\"potentialAction\":[{\"@type\":\"ReadAction\",\"target\":[\"https:\/\/www.afs.cz\/en\/megavikend\/megavikend-2025\/\"]}]},{\"@type\":\"ImageObject\",\"inLanguage\":\"en-US\",\"@id\":\"https:\/\/www.afs.cz\/en\/megavikend\/megavikend-2025\/#primaryimage\",\"url\":\"https:\/\/d22dvihj4pfop3.cloudfront.net\/wp-content\/uploads\/sites\/84\/2022\/06\/28090716\/51627321627_fa425192db_o.jpg\",\"contentUrl\":\"https:\/\/d22dvihj4pfop3.cloudfront.net\/wp-content\/uploads\/sites\/84\/2022\/06\/28090716\/51627321627_fa425192db_o.jpg\",\"width\":2048,\"height\":1362},{\"@type\":\"BreadcrumbList\",\"@id\":\"https:\/\/www.afs.cz\/en\/megavikend\/megavikend-2025\/#breadcrumb\",\"itemListElement\":[{\"@type\":\"ListItem\",\"position\":1,\"name\":\"Home\",\"item\":\"https:\/\/czechrepublic.afssite.afs.org\/en\/\"},{\"@type\":\"ListItem\",\"position\":2,\"name\":\"Megavikend &#8211; general information\",\"item\":\"https:\/\/czechrepublic.afssite.afs.org\/en\/megavikend\/\"},{\"@type\":\"ListItem\",\"position\":3,\"name\":\"Megavikend 2025\"}]},{\"@type\":\"WebSite\",\"@id\":\"https:\/\/www.afs.cz\/en\/#website\",\"url\":\"https:\/\/www.afs.cz\/en\/\",\"name\":\"Mezikulturn\u00ed programy\",\"description\":\"Studium v zahrani\u010d\u00ed, hostitelsk\u00fd program, vzd\u011bl\u00e1vac\u00ed programy, dobrovolnictv\u00ed a mnoho dal\u0161\u00edho.\",\"potentialAction\":[{\"@type\":\"SearchAction\",\"target\":{\"@type\":\"EntryPoint\",\"urlTemplate\":\"https:\/\/www.afs.cz\/en\/?s={search_term_string}\"},\"query-input\":{\"@type\":\"PropertyValueSpecification\",\"valueRequired\":true,\"valueName\":\"search_term_string\"}}],\"inLanguage\":\"en-US\"}]}<\/script>\n<!-- \/ Yoast SEO Premium plugin. -->","yoast_head_json":{"title":"Megavikend 2025 - Mezikulturn\u00ed programy","description":"Megavikend is a weekend-long international educational event, which belongs to one of the most important in the whole AFS year.","robots":{"index":"index","follow":"follow","max-snippet":"max-snippet:-1","max-image-preview":"max-image-preview:large","max-video-preview":"max-video-preview:-1"},"canonical":"https:\/\/www.afs.cz\/en\/megavikend\/megavikend-2025\/","og_locale":"en_US","og_type":"article","og_title":"Megavikend 2025","og_description":"Megavikend is a weekend-long international educational event, which belongs to one of the most important in the whole AFS year.","og_url":"https:\/\/www.afs.cz\/en\/megavikend\/megavikend-2025\/","og_site_name":"Mezikulturn\u00ed programy","article_modified_time":"2025-09-02T12:57:22+00:00","twitter_card":"summary_large_image","twitter_image":"https:\/\/d22dvihj4pfop3.cloudfront.net\/wp-content\/uploads\/sites\/84\/2022\/06\/28090716\/51627321627_fa425192db_o.jpg","twitter_misc":{"Est. reading time":"15 minutes"},"schema":{"@context":"https:\/\/schema.org","@graph":[{"@type":"WebPage","@id":"https:\/\/www.afs.cz\/en\/megavikend\/megavikend-2025\/","url":"https:\/\/www.afs.cz\/en\/megavikend\/megavikend-2025\/","name":"Megavikend 2025 - Mezikulturn\u00ed programy","isPartOf":{"@id":"https:\/\/www.afs.cz\/en\/#website"},"primaryImageOfPage":{"@id":"https:\/\/www.afs.cz\/en\/megavikend\/megavikend-2025\/#primaryimage"},"image":{"@id":"https:\/\/www.afs.cz\/en\/megavikend\/megavikend-2025\/#primaryimage"},"thumbnailUrl":"https:\/\/d22dvihj4pfop3.cloudfront.net\/wp-content\/uploads\/sites\/84\/2022\/06\/28090716\/51627321627_fa425192db_o.jpg","datePublished":"2025-08-19T10:33:08+00:00","dateModified":"2025-09-02T12:57:22+00:00","description":"Megavikend is a weekend-long international educational event, which belongs to one of the most important in the whole AFS year.","breadcrumb":{"@id":"https:\/\/www.afs.cz\/en\/megavikend\/megavikend-2025\/#breadcrumb"},"inLanguage":"en-US","potentialAction":[{"@type":"ReadAction","target":["https:\/\/www.afs.cz\/en\/megavikend\/megavikend-2025\/"]}]},{"@type":"ImageObject","inLanguage":"en-US","@id":"https:\/\/www.afs.cz\/en\/megavikend\/megavikend-2025\/#primaryimage","url":"https:\/\/d22dvihj4pfop3.cloudfront.net\/wp-content\/uploads\/sites\/84\/2022\/06\/28090716\/51627321627_fa425192db_o.jpg","contentUrl":"https:\/\/d22dvihj4pfop3.cloudfront.net\/wp-content\/uploads\/sites\/84\/2022\/06\/28090716\/51627321627_fa425192db_o.jpg","width":2048,"height":1362},{"@type":"BreadcrumbList","@id":"https:\/\/www.afs.cz\/en\/megavikend\/megavikend-2025\/#breadcrumb","itemListElement":[{"@type":"ListItem","position":1,"name":"Home","item":"https:\/\/czechrepublic.afssite.afs.org\/en\/"},{"@type":"ListItem","position":2,"name":"Megavikend &#8211; general information","item":"https:\/\/czechrepublic.afssite.afs.org\/en\/megavikend\/"},{"@type":"ListItem","position":3,"name":"Megavikend 2025"}]},{"@type":"WebSite","@id":"https:\/\/www.afs.cz\/en\/#website","url":"https:\/\/www.afs.cz\/en\/","name":"Mezikulturn\u00ed programy","description":"Studium v zahrani\u010d\u00ed, hostitelsk\u00fd program, vzd\u011bl\u00e1vac\u00ed programy, dobrovolnictv\u00ed a mnoho dal\u0161\u00edho.","potentialAction":[{"@type":"SearchAction","target":{"@type":"EntryPoint","urlTemplate":"https:\/\/www.afs.cz\/en\/?s={search_term_string}"},"query-input":{"@type":"PropertyValueSpecification","valueRequired":true,"valueName":"search_term_string"}}],"inLanguage":"en-US"}]}},"_links":{"self":[{"href":"https:\/\/www.afs.cz\/en\/wp-json\/wp\/v2\/pages\/26795","targetHints":{"allow":["GET"]}}],"collection":[{"href":"https:\/\/www.afs.cz\/en\/wp-json\/wp\/v2\/pages"}],"about":[{"href":"https:\/\/www.afs.cz\/en\/wp-json\/wp\/v2\/types\/page"}],"author":[{"embeddable":true,"href":"https:\/\/www.afs.cz\/en\/wp-json\/wp\/v2\/users\/2338"}],"replies":[{"embeddable":true,"href":"https:\/\/www.afs.cz\/en\/wp-json\/wp\/v2\/comments?post=26795"}],"version-history":[{"count":21,"href":"https:\/\/www.afs.cz\/en\/wp-json\/wp\/v2\/pages\/26795\/revisions"}],"predecessor-version":[{"id":27223,"href":"https:\/\/www.afs.cz\/en\/wp-json\/wp\/v2\/pages\/26795\/revisions\/27223"}],"up":[{"embeddable":true,"href":"https:\/\/www.afs.cz\/en\/wp-json\/wp\/v2\/pages\/22741"}],"wp:featuredmedia":[{"embeddable":true,"href":"https:\/\/www.afs.cz\/en\/wp-json\/wp\/v2\/media\/15311"}],"wp:attachment":[{"href":"https:\/\/www.afs.cz\/en\/wp-json\/wp\/v2\/media?parent=26795"}],"curies":[{"name":"wp","href":"https:\/\/api.w.org\/{rel}","templated":true}]}}